{"id":12859,"date":"2026-04-22T12:14:42","date_gmt":"2026-04-22T15:14:42","guid":{"rendered":"https:\/\/www.imvallenar.gob.cl\/?page_id=12859"},"modified":"2026-04-22T14:42:19","modified_gmt":"2026-04-22T17:42:19","slug":"historia","status":"publish","type":"page","link":"https:\/\/www.imvallenar.gob.cl\/municipalidad\/historia\/","title":{"rendered":"Historia"},"content":{"rendered":"<div class=\"vallenar-timeline-wrapper\">\n      <div class=\"timeline-container\">\n        <div class=\"timeline-content\">\n            <div class=\"timeline-date-bubble\">Octubre 1788<\/div>\n            <div class=\"timeline-card\">\n                                    <img decoding=\"async\" src=\"https:\/\/www.imvallenar.gob.cl\/wp-content\/uploads\/2026\/04\/ambrosio_ohiggins.jpg\" class=\"timeline-img\" style=\"object-position: top;\">\n                                <div class=\"timeline-text\">\n                    <h3>As\u00ed comenz\u00f3<\/h3>\n                    <div class=\"timeline-description\">\n                        El 21 de octubre de 1788, el gobernador del Reino de Chile, Ambrosio O\u00b4Higgins, parti\u00f3 de Santiago con rumbo al norte del pa\u00eds, con el fin de realizar una visita que consideraba necesaria, ya que desde los tiempos de Pedro de Valdivia no se cumpl\u00eda con esta medida de conocer en terreno las necesidades de la poblaci\u00f3n. Tras venirse cabalgando desde la capital del Reino, lleg\u00f3 a La Serena, donde el 23 de noviembre abord\u00f3 el buque \u201cEl \u00c1guila\u201d con rumbo al puerto de Caldera, donde arrib\u00f3 el 10 de diciembre del mismo a\u00f1o. El 29 del mismo mes, acompa\u00f1ado de su comitiva se dirigi\u00f3 hacia el centro del valle de Huasco, llegando primeramente a Huasco Bajo, para luego pasar a Santa Rosa de Lima (Freirina).                    <\/div>\n                    <span class=\"btn-leer-mas\" onclick=\"this.previousElementSibling.classList.toggle('is-open'); this.textContent = this.previousElementSibling.classList.contains('is-open') ? 'Leer menos' : 'Leer m\u00e1s...';\">\n                        Leer m\u00e1s...\n                    <\/span>\n                <\/div>\n            <\/div>\n        <\/div>\n    <\/div>\n    \n      <div class=\"timeline-container\">\n        <div class=\"timeline-content\">\n            <div class=\"timeline-date-bubble\">sin fecha<\/div>\n            <div class=\"timeline-card\">\n                                    <img decoding=\"async\" src=\"https:\/\/www.imvallenar.gob.cl\/wp-content\/uploads\/2026\/04\/plano_vallenar-scaled.jpg\" class=\"timeline-img\" style=\"object-position: top;\">\n                                <div class=\"timeline-text\">\n                    <h3>Plano Antiguo<\/h3>\n                    <div class=\"timeline-description\">\n                        Al enterarse de la presencia en la zona del gobernador del Reino, el p\u00e1rroco huasquino Ventura Jos\u00e9 de Herrera invit\u00f3 a don Ambrosio y comitiva a continuar viaje hacia el interior del valle, precisamente, hasta el lugar conocido como \u201cPaitan\u00e1s\u201d, que era un terreno de su propiedad, respecto del cual el gobernador O\u00b4Higgins qued\u00f3 gratamente impresionado, ya que a sus bondades naturales sumaba una buena ubicaci\u00f3n geogr\u00e1fica, al estar en el centro del valle, retirado de la costa y, pr\u00e1cticamente, en l\u00ednea recta con Copiap\u00f3 y La Serena.                    <\/div>\n                    <span class=\"btn-leer-mas\" onclick=\"this.previousElementSibling.classList.toggle('is-open'); this.textContent = this.previousElementSibling.classList.contains('is-open') ? 'Leer menos' : 'Leer m\u00e1s...';\">\n                        Leer m\u00e1s...\n                    <\/span>\n                <\/div>\n            <\/div>\n        <\/div>\n    <\/div>\n    \n      <div class=\"timeline-container\">\n        <div class=\"timeline-content\">\n            <div class=\"timeline-date-bubble\">Enero 1789<\/div>\n            <div class=\"timeline-card\">\n                                    <img decoding=\"async\" src=\"https:\/\/www.imvallenar.gob.cl\/wp-content\/uploads\/2026\/04\/Ignacio_Andia_y_Varela.jpg\" class=\"timeline-img\" style=\"object-position: top;\">\n                                <div class=\"timeline-text\">\n                    <h3>Razones para fundar la villa<\/h3>\n                    <div class=\"timeline-description\">\n                        Tras un recorrido por la zona, el propio Gobernador del Reino de Chile, Ambrosio O\u00b4Higgins, entreg\u00f3 los fundamentos para fundar la Villa de Ballenary el 5 de enero de 1789: \u201cPor su clima, por hallarse casi en el promedio de esta jurisdicci\u00f3n y menos expuesta por su distancia a ser sorprendida por el mar, por tener all\u00ed su residencia el cura con una espaciosa iglesia parroquial y algunos vecinos espa\u00f1oles, con salida para los partidos (ciudades) confinantes de Coquimbo y Copiap\u00f3; con caminos buenos y m\u00e1s rectos y abundantes de aguadas que el de la costa que presentemente se trafica y, sobre todo, por la excelencia del terreno de m\u00e1s de 30 cuadras de largo y 7 de ancho, todo de llanura y de siembra, donde el r\u00edo corre encajonado, de modo que se pasa por puente y que en el alto hay un dilatado campo tambi\u00e9n de cultivo y apto para ch\u00e1caras si se le conduce aguas\u201d. Ambrosio O\u00b4Higgins propuso fundar la villa, aprovechando la existencia de ranchos habitados por ind\u00edgenas y algunos espa\u00f1oles que hab\u00edan decidido apartarse de la comitiva de Valdivia. Para ello orden\u00f3 a su alarife, Pedro Rico, delinear los trazos de la naciente villa, para comenzar la repartici\u00f3n de terrenos. El acta de fundaci\u00f3n redactada por el secretario sustituto de Gobernaci\u00f3n y Guerra, Ignacio de And\u00eda y Varela, se firm\u00f3 en el asiento de Santa Rosa el 5 de enero de 1789.                    <\/div>\n                    <span class=\"btn-leer-mas\" onclick=\"this.previousElementSibling.classList.toggle('is-open'); this.textContent = this.previousElementSibling.classList.contains('is-open') ? 'Leer menos' : 'Leer m\u00e1s...';\">\n                        Leer m\u00e1s...\n                    <\/span>\n                <\/div>\n            <\/div>\n        <\/div>\n    <\/div>\n    \n    <div class=\"timeline-container\">\n        <div class=\"timeline-content\">\n            <div class=\"timeline-date-bubble\">Enero 1905<\/div>\n            <div class=\"timeline-card\">\n                                    <img decoding=\"async\" src=\"https:\/\/www.imvallenar.gob.cl\/wp-content\/uploads\/2026\/04\/vallenar_1905.jpg\" class=\"timeline-img\" style=\"object-position: top;\">\n                                <div class=\"timeline-text\">\n                    <h3>Origen del nombre<\/h3>\n                    <div class=\"timeline-description\">\n                        Luego de considerar cumplidos sus prop\u00f3sitos y obligaciones con la reci\u00e9n fundada villa de Vallenar, el gobernador Ambrosio O\u00b4Higgins regres\u00f3 a La Serena el 19 de enero. Estando all\u00ed, recibi\u00f3 una petici\u00f3n del subdelegado de la villa, Mart\u00edn Gregorio del Villar, quien -a nombre de un grupo de vecinos, encabezados por el cura Ventura Jos\u00e9 de Herrera- le solicitaba que Vallenar fuera el pueblo que perpetuara su nombre y as\u00ed recordar su gran obra, teniendo por patrono a San Ambrosio. El gobernador O\u00b4Higgins qued\u00f3 gratamente complacido con esta petici\u00f3n, la que acept\u00f3 el 10 de febrero de 1789, a trav\u00e9s de un decreto expedido en La Serena. El historiador Francisco R\u00edos Cort\u00e9s, en su libro \u201cPor las Riberas del Huasco\u201d desmiente la tradicional versi\u00f3n que se\u00f1ala que, al momento de fundar esta ciudad, Ambrosio O\u00b4Higgins la denominara \u201cSan Ambrosio de Ballenary\u201d, sino que simplemente la habr\u00eda llamado \u201cVilla de Vallenar\u201d y, por lo tanto, s\u00f3lo desde la fecha antes se\u00f1alada ostenta con orgullo el patron\u00edmico de San Ambrosio.                    <\/div>\n                    <span class=\"btn-leer-mas\" onclick=\"this.previousElementSibling.classList.toggle('is-open'); this.textContent = this.previousElementSibling.classList.contains('is-open') ? 'Leer menos' : 'Leer m\u00e1s...';\">\n                        Leer m\u00e1s...\n                    <\/span>\n                <\/div>\n            <\/div>\n        <\/div>\n    <\/div>\n    \n    <div class=\"timeline-container\">\n        <div class=\"timeline-content\">\n            <div class=\"timeline-date-bubble\">Enero 1934<\/div>\n            <div class=\"timeline-card\">\n                                    <img decoding=\"async\" src=\"https:\/\/www.imvallenar.gob.cl\/wp-content\/uploads\/2026\/04\/vallenar_prat_1934.png\" class=\"timeline-img\" style=\"object-position: top;\">\n                                <div class=\"timeline-text\">\n                    <h3>Cambio de tradici\u00f3n<\/h3>\n                    <div class=\"timeline-description\">\n                        Calle Prat esquina Santiago, a\u00fan sin aslfaltar, a\u00f1o 1934. Hasta 1983, la comunidad vallenarina celebraba en grande cada aniversario de fundaci\u00f3n de la ciudad, con festivales y carnavales que engalanaban la semana de actividades destinadas a relevar la decisi\u00f3n del gobernador Ambrosio O`Higgins de fundar esta villa el 5 de enero de 1789.<br \/>\n\u00bfPor qu\u00e9 y cu\u00e1ndo se modific\u00f3 esta tradici\u00f3n? En 1984, Vallenar celebr\u00f3 los 150 a\u00f1os del otorgamiento del t\u00edtulo de Ciudad, raz\u00f3n por la cual las autoridades comunales decidieron centrar todos los festejos en torno al 24 de octubre de ese entonces, \u201cechando la casa por la ventana\u201d, con actividades a lo largo de todo el a\u00f1o que causaron gran inter\u00e9s y participaci\u00f3n entre los vecinos. En consecuencia, la conmemoraci\u00f3n del sesquicentenario qued\u00f3 tan arraigada en la comunidad que, desde entonces, todas las actividades en homenaje a la comuna se trasladaron a esta fecha que se vio fortalecida por la presencia masiva de los estudiantes y organizaciones sociales, ya que no estaban de por medio las vacaciones de verano que restaban asistencia al acto conmemorativo central.                    <\/div>\n                    <span class=\"btn-leer-mas\" onclick=\"this.previousElementSibling.classList.toggle('is-open'); this.textContent = this.previousElementSibling.classList.contains('is-open') ? 'Leer menos' : 'Leer m\u00e1s...';\">\n                        Leer m\u00e1s...\n                    <\/span>\n                <\/div>\n            <\/div>\n        <\/div>\n    <\/div>\n    \n<\/div>\n\n\n\n<p><\/p>\n","protected":false},"excerpt":{"rendered":"","protected":false},"author":1,"featured_media":0,"parent":12898,"menu_order":1,"comment_status":"closed","ping_status":"closed","template":"page-with-sidemenu.php","meta":{"inline_featured_image":false,"footnotes":""},"class_list":["post-12859","page","type-page","status-publish","hentry"],"_links":{"self":[{"href":"https:\/\/www.imvallenar.gob.cl\/wp-json\/wp\/v2\/pages\/12859","targetHints":{"allow":["GET"]}}],"collection":[{"href":"https:\/\/www.imvallenar.gob.cl\/wp-json\/wp\/v2\/pages"}],"about":[{"href":"https:\/\/www.imvallenar.gob.cl\/wp-json\/wp\/v2\/types\/page"}],"author":[{"embeddable":true,"href":"https:\/\/www.imvallenar.gob.cl\/wp-json\/wp\/v2\/users\/1"}],"replies":[{"embeddable":true,"href":"https:\/\/www.imvallenar.gob.cl\/wp-json\/wp\/v2\/comments?post=12859"}],"version-history":[{"count":8,"href":"https:\/\/www.imvallenar.gob.cl\/wp-json\/wp\/v2\/pages\/12859\/revisions"}],"predecessor-version":[{"id":12874,"href":"https:\/\/www.imvallenar.gob.cl\/wp-json\/wp\/v2\/pages\/12859\/revisions\/12874"}],"up":[{"embeddable":true,"href":"https:\/\/www.imvallenar.gob.cl\/wp-json\/wp\/v2\/pages\/12898"}],"wp:attachment":[{"href":"https:\/\/www.imvallenar.gob.cl\/wp-json\/wp\/v2\/media?parent=12859"}],"curies":[{"name":"wp","href":"https:\/\/api.w.org\/{rel}","templated":true}]}}