{"id":12876,"date":"2026-04-22T12:16:54","date_gmt":"2026-04-22T15:16:54","guid":{"rendered":"https:\/\/www.imvallenar.gob.cl\/?page_id=12876"},"modified":"2026-04-22T15:20:42","modified_gmt":"2026-04-22T18:20:42","slug":"alcaldia","status":"publish","type":"page","link":"https:\/\/www.imvallenar.gob.cl\/municipalidad\/alcaldia\/","title":{"rendered":"Alcald\u00eda"},"content":{"rendered":"\n<div class=\"wp-block-columns is-layout-flex wp-container-core-columns-is-layout-28f84493 wp-block-columns-is-layout-flex\">\n<div class=\"wp-block-column is-layout-flow wp-block-column-is-layout-flow\" style=\"flex-basis:33.33%\">\n<figure class=\"wp-block-image size-full is-resized\"><img decoding=\"async\" width=\"951\" height=\"951\" src=\"https:\/\/www.imvallenar.gob.cl\/wp-content\/uploads\/2026\/04\/fotografiaVictorIsla-circulo-1024x1024-1.png\" alt=\"\" class=\"wp-image-12886\" style=\"width:226px;height:auto\" srcset=\"https:\/\/www.imvallenar.gob.cl\/wp-content\/uploads\/2026\/04\/fotografiaVictorIsla-circulo-1024x1024-1.png 951w, https:\/\/www.imvallenar.gob.cl\/wp-content\/uploads\/2026\/04\/fotografiaVictorIsla-circulo-1024x1024-1-300x300.png 300w, https:\/\/www.imvallenar.gob.cl\/wp-content\/uploads\/2026\/04\/fotografiaVictorIsla-circulo-1024x1024-1-150x150.png 150w, https:\/\/www.imvallenar.gob.cl\/wp-content\/uploads\/2026\/04\/fotografiaVictorIsla-circulo-1024x1024-1-768x768.png 768w, https:\/\/www.imvallenar.gob.cl\/wp-content\/uploads\/2026\/04\/fotografiaVictorIsla-circulo-1024x1024-1-120x120.png 120w\" sizes=\"(max-width: 951px) 100vw, 951px\" \/><\/figure>\n<\/div>\n\n\n\n<div class=\"wp-block-column is-vertically-aligned-center is-layout-flow wp-block-column-is-layout-flow\" style=\"flex-basis:66.66%\">\n<p><strong>Victor Manuel Isla Lutz<\/strong><br>Alcalde de la comuna de Vallenar<\/p>\n\n\n\n<p>Es un profesor de historia, comunicador social y pol\u00edtico chileno, actualmente alcalde de Vallenar para el periodo 2024-2028. De orientaci\u00f3n independiente, asumi\u00f3 el cargo tras destacarse como concejal, con una trayectoria enfocada en el desarrollo local y social de la comuna del Valle del Huasco.<\/p>\n\n\n\n<p><strong>Trayectoria y Perfil<\/strong><\/p>\n\n\n\n<ul class=\"wp-block-list\">\n<li><strong>Formaci\u00f3n y Profesi\u00f3n:<\/strong>&nbsp;Es profesor de Historia y Ciencias Sociales, y se ha desempe\u00f1ado tambi\u00e9n como locutor de radio.<\/li>\n\n\n\n<li><strong>Alcald\u00eda 2020-2021:<\/strong>&nbsp;Anteriormente, fue elegido por el concejo municipal como alcalde de Vallenar para completar el periodo hasta junio de 2021.<\/li>\n\n\n\n<li><strong>Alcald\u00eda 2024-2028:<\/strong>&nbsp;Gan\u00f3 las elecciones para liderar el municipio para el periodo 2024-2028, con una candidatura independiente que cont\u00f3 con un importante respaldo ciudadano.<\/li>\n<\/ul>\n\n\n\n<p>Isla Lutz ha destacado en su gesti\u00f3n por promover una ciudad m\u00e1s segura y potenciar la cultura local<\/p>\n<\/div>\n<\/div>\n\n\n\n<p><\/p>\n","protected":false},"excerpt":{"rendered":"<p>Victor Manuel Isla LutzAlcalde de la comuna de Vallenar Es un profesor de historia, comunicador social y pol\u00edtico chileno, actualmente\u2026<\/p>\n","protected":false},"author":1,"featured_media":0,"parent":12898,"menu_order":4,"comment_status":"closed","ping_status":"closed","template":"page-with-sidemenu.php","meta":{"inline_featured_image":false,"footnotes":""},"class_list":["post-12876","page","type-page","status-publish","hentry"],"_links":{"self":[{"href":"https:\/\/www.imvallenar.gob.cl\/wp-json\/wp\/v2\/pages\/12876","targetHints":{"allow":["GET"]}}],"collection":[{"href":"https:\/\/www.imvallenar.gob.cl\/wp-json\/wp\/v2\/pages"}],"about":[{"href":"https:\/\/www.imvallenar.gob.cl\/wp-json\/wp\/v2\/types\/page"}],"author":[{"embeddable":true,"href":"https:\/\/www.imvallenar.gob.cl\/wp-json\/wp\/v2\/users\/1"}],"replies":[{"embeddable":true,"href":"https:\/\/www.imvallenar.gob.cl\/wp-json\/wp\/v2\/comments?post=12876"}],"version-history":[{"count":7,"href":"https:\/\/www.imvallenar.gob.cl\/wp-json\/wp\/v2\/pages\/12876\/revisions"}],"predecessor-version":[{"id":12903,"href":"https:\/\/www.imvallenar.gob.cl\/wp-json\/wp\/v2\/pages\/12876\/revisions\/12903"}],"up":[{"embeddable":true,"href":"https:\/\/www.imvallenar.gob.cl\/wp-json\/wp\/v2\/pages\/12898"}],"wp:attachment":[{"href":"https:\/\/www.imvallenar.gob.cl\/wp-json\/wp\/v2\/media?parent=12876"}],"curies":[{"name":"wp","href":"https:\/\/api.w.org\/{rel}","templated":true}]}}